{"id":40,"date":"2018-08-27T16:29:50","date_gmt":"2018-08-27T16:29:50","guid":{"rendered":"http:\/\/xn--scr-entrmpelung-6vb.de\/?page_id=40"},"modified":"2024-02-22T15:17:18","modified_gmt":"2024-02-22T15:17:18","slug":"willkommen-bei-scr-entruempelung","status":"publish","type":"page","link":"https:\/\/xn--scr-entrmpelung-6vb.de\/","title":{"rendered":"Willkommen bei SCR Entr\u00fcmpelung &#8211; Ihr Entr\u00fcmpler aus Laupheim"},"content":{"rendered":"\n<h4 class=\"wp-block-heading\">Ihr Entr\u00fcmpler f\u00fcr Wohnung, Haus und Garage wir \u00fcbernehmen die Entr\u00fcmpelung in Laupheim und Umgebung<\/h4>\n\n\n\n<h5 class=\"wp-block-heading\">Wir arbeiten im Raum Laupheim und Umgebung<\/h5>\n\n\n\n<h2 class=\"wp-block-heading\">&nbsp;<\/h2>\n\n\n\n<h2 class=\"wp-block-heading\">Unser Service<\/h2>\n\n\n<div class=\"wp-block-image\">\n<figure class=\"alignright\"><img loading=\"lazy\" decoding=\"async\" width=\"243\" height=\"133\" src=\"http:\/\/xn--scr-entrmpelung-6vb.de\/wp-content\/uploads\/2018\/08\/2018-08-28-11_47_18-Window.png\" alt=\"SCR-entr\u00fcmpelung.de\" class=\"wp-image-66\"\/><\/figure>\n<\/div>\n\n\n<h5 class=\"wp-block-heading\">&nbsp;<\/h5>\n\n\n\n<p><strong>Kostenlose Besichtigung:&nbsp;<\/strong>Bei uns sind Anfahrt, Besichtigung und Angebotsabgabe immer kostenlos.<\/p>\n\n\n\n<p><strong>Diskretion:&nbsp;<\/strong>Wir geben keinerlei Ausk\u00fcnfte an Mitbewohner, Nachbarn oder sonstige Personen.<\/p>\n\n\n\n<p><strong>Umweltgerechte Entsorgung:&nbsp;<\/strong>Alle M\u00fcllarten werden ordnungsgem\u00e4\u00df nach Wertstoffen getrennt und entsorgt.<\/p>\n\n\n\n<p><strong>Besenrein:&nbsp;<\/strong>Wir \u00fcbergeben alle R\u00e4ume,inklusive aller genutzten Wege,in einem ordentlich gefegten Zustand ab.<\/p>\n\n\n\n<p><strong>Preisgarantie:&nbsp;<\/strong>Sie erhalten von uns ein Angebot zum Festpreis.<\/p>\n\n\n\n<p><strong>Termintreue:&nbsp;<\/strong>Wir halten zugesagte Termine grunds\u00e4tzlich ein.<\/p>\n\n\n\n<p><strong>Seniorenumzug:&nbsp;<\/strong>Mit viel Einf\u00fchlungsverm\u00f6gen planen und organisieren wir ohne jeglichen Stress, den Schritt in Ihren neuen Lebensabschnitt.<\/p>\n\n\n\n<h2 class=\"wp-block-heading\">&nbsp;<\/h2>\n\n\n\n<h2 class=\"wp-block-heading\">Unsere Leistungen<\/h2>\n\n\n\n<h2 class=\"wp-block-heading\"><img loading=\"lazy\" decoding=\"async\" class=\"alignnone wp-image-81 size-full\" src=\"http:\/\/xn--scr-entrmpelung-6vb.de\/wp-content\/uploads\/2018\/08\/leistungen-e1660477981646.png\" alt=\"\" width=\"755\" height=\"197\" srcset=\"https:\/\/xn--scr-entrmpelung-6vb.de\/wp-content\/uploads\/2018\/08\/leistungen-e1660477981646.png 755w, https:\/\/xn--scr-entrmpelung-6vb.de\/wp-content\/uploads\/2018\/08\/leistungen-e1660477981646-300x78.png 300w, https:\/\/xn--scr-entrmpelung-6vb.de\/wp-content\/uploads\/2018\/08\/leistungen-e1660477981646-750x197.png 750w\" sizes=\"auto, (max-width: 755px) 100vw, 755px\" \/><\/h2>\n\n\n\n<h2 class=\"wp-block-heading\">Anfragen<\/h2>\n\n\n\n<p>Bitte richten Sie Ihre Anfragen direkt an <a href=\"mailto:info@scr-entruempelung.de\" title=\"\">info@scr-entruempelung.de<\/a><\/p>\n\n\n\n<h2 class=\"wp-block-heading\">Anfahrt<\/h2>\n\n\n\n<figure class=\"wp-block-image\"><img loading=\"lazy\" decoding=\"async\" width=\"300\" height=\"168\" src=\"http:\/\/xn--scr-entrmpelung-6vb.de\/wp-content\/uploads\/2018\/08\/anfahrt-300x168.png\" alt=\"\" class=\"wp-image-56\" srcset=\"https:\/\/xn--scr-entrmpelung-6vb.de\/wp-content\/uploads\/2018\/08\/anfahrt-300x168.png 300w, https:\/\/xn--scr-entrmpelung-6vb.de\/wp-content\/uploads\/2018\/08\/anfahrt.png 515w\" sizes=\"auto, (max-width: 300px) 100vw, 300px\" \/><\/figure>\n","protected":false},"excerpt":{"rendered":"<p>Ihr Entr\u00fcmpler f\u00fcr Wohnung, Haus und Garage wir \u00fcbernehmen die Entr\u00fcmpelung in Laupheim und Umgebung Wir arbeiten im Raum Laupheim und Umgebung &nbsp; Unser Service &nbsp; Kostenlose Besichtigung:&nbsp;Bei uns sind Anfahrt, Besichtigung und Angebotsabgabe immer kostenlos. Diskretion:&nbsp;Wir geben keinerlei Ausk\u00fcnfte<\/p>\n","protected":false},"author":1,"featured_media":0,"parent":0,"menu_order":0,"comment_status":"closed","ping_status":"closed","template":"","meta":{"footnotes":""},"class_list":["post-40","page","type-page","status-publish","hentry"],"aioseo_notices":[],"_links":{"self":[{"href":"https:\/\/xn--scr-entrmpelung-6vb.de\/index.php?rest_route=\/wp\/v2\/pages\/40","targetHints":{"allow":["GET"]}}],"collection":[{"href":"https:\/\/xn--scr-entrmpelung-6vb.de\/index.php?rest_route=\/wp\/v2\/pages"}],"about":[{"href":"https:\/\/xn--scr-entrmpelung-6vb.de\/index.php?rest_route=\/wp\/v2\/types\/page"}],"author":[{"embeddable":true,"href":"https:\/\/xn--scr-entrmpelung-6vb.de\/index.php?rest_route=\/wp\/v2\/users\/1"}],"replies":[{"embeddable":true,"href":"https:\/\/xn--scr-entrmpelung-6vb.de\/index.php?rest_route=%2Fwp%2Fv2%2Fcomments&post=40"}],"version-history":[{"count":28,"href":"https:\/\/xn--scr-entrmpelung-6vb.de\/index.php?rest_route=\/wp\/v2\/pages\/40\/revisions"}],"predecessor-version":[{"id":116,"href":"https:\/\/xn--scr-entrmpelung-6vb.de\/index.php?rest_route=\/wp\/v2\/pages\/40\/revisions\/116"}],"wp:attachment":[{"href":"https:\/\/xn--scr-entrmpelung-6vb.de\/index.php?rest_route=%2Fwp%2Fv2%2Fmedia&parent=40"}],"curies":[{"name":"wp","href":"https:\/\/api.w.org\/{rel}","templated":true}]}}